{"id":1056,"date":"2023-07-14T12:30:39","date_gmt":"2023-07-14T11:30:39","guid":{"rendered":"https:\/\/nomadascanarias.com\/accessibility\/"},"modified":"2025-04-21T12:18:13","modified_gmt":"2025-04-21T11:18:13","slug":"accessibility","status":"publish","type":"page","link":"https:\/\/nomadascanarias.com\/en\/accessibility\/","title":{"rendered":"Accessibility"},"content":{"rendered":"<p>[et_pb_section fb_built=&#8221;1&#8243; admin_label=&#8221;Header&#8221; _builder_version=&#8221;4.21.0&#8243; _module_preset=&#8221;default&#8221; background_color=&#8221;#f2f0e4&#8243; background_enable_image=&#8221;off&#8221; custom_padding=&#8221;0px||0px|||&#8221; use_background_color_gradient_tablet=&#8221;on&#8221; background_color_gradient_stops_tablet=&#8221;rgba(255,255,255,0.6) 0%|rgba(255,255,255,0.6) 100%&#8221; background_color_gradient_start_tablet=&#8221;rgba(255,255,255,0.6)&#8221; background_color_gradient_end_tablet=&#8221;rgba(255,255,255,0.6)&#8221; locked=&#8221;off&#8221; global_colors_info=&#8221;{%22gcid-bf726b73-2424-4ae3-9936-c620fef98093%22:%91%22background_color%22%93}&#8221;][et_pb_row _builder_version=&#8221;4.16&#8243; _module_preset=&#8221;default&#8221; custom_padding=&#8221;44px||0px|||&#8221; locked=&#8221;off&#8221; global_colors_info=&#8221;{}&#8221;][et_pb_column type=&#8221;4_4&#8243; _builder_version=&#8221;4.16&#8243; _module_preset=&#8221;default&#8221; z_index=&#8221;10&#8243; custom_padding=&#8221;||40px||false|false&#8221; custom_padding_tablet=&#8221;0px||||false|false&#8221; custom_padding_last_edited=&#8221;off|desktop&#8221; global_colors_info=&#8221;{}&#8221;][et_pb_text _builder_version=&#8221;4.21.0&#8243; _module_preset=&#8221;d72c0383-6487-4f2c-ac5c-7d48a6376757&#8243; header_font=&#8221;Roboto Condensed||||||||&#8221; header_text_align=&#8221;left&#8221; header_text_color=&#8221;#591902&#8243; header_font_size=&#8221;90px&#8221; max_width=&#8221;600px&#8221; animation_direction=&#8221;top&#8221; header_font_size_tablet=&#8221;10vw&#8221; header_font_size_phone=&#8221;&#8221; header_font_size_last_edited=&#8221;on|phone&#8221; locked=&#8221;off&#8221; global_colors_info=&#8221;{}&#8221;]<\/p>\n<h1>Accessibility<\/h1>\n<p>[\/et_pb_text][\/et_pb_column][\/et_pb_row][\/et_pb_section][et_pb_section fb_built=&#8221;1&#8243; _builder_version=&#8221;4.21.0&#8243; _module_preset=&#8221;default&#8221; global_colors_info=&#8221;{}&#8221;][et_pb_row _builder_version=&#8221;4.21.0&#8243; _module_preset=&#8221;default&#8221; global_colors_info=&#8221;{}&#8221;][et_pb_column type=&#8221;4_4&#8243; _builder_version=&#8221;4.21.0&#8243; _module_preset=&#8221;default&#8221; global_colors_info=&#8221;{}&#8221;][et_pb_text _builder_version=&#8221;4.21.0&#8243; _module_preset=&#8221;default&#8221; text_font=&#8221;Arial||||||||&#8221; text_font_size=&#8221;18px&#8221; text_line_height=&#8221;1.8em&#8221; text_orientation=&#8221;justified&#8221; locked=&#8221;off&#8221; global_colors_info=&#8221;{}&#8221;]<\/p>\n<ol><\/ol>\n<p><\/p>\n<h2>What is web accessibility?<\/h2>\n<p><\/p>\n<p>It is the ability to access content regardless of the person or context.<\/p>\n<p><\/p>\n<p><strong>Keyboard shortcuts<\/strong><\/p>\n<p><\/p>\n<p>&nbsp;<\/p>\n<p><\/p>\n<p><strong>The use of access keys is conditioned by the browser:<\/strong><\/p>\n<p><\/p>\n<ul>\n<li>Internet Explorer: ALT + shortcut. ENTER<\/li>\n<li>Firefox: ALT + Shift + shortcut<\/li>\n<li>Google Chrome: ALT + shortcut<\/li>\n<li>Opera: Shift + ESC + shortcut<\/li>\n<li>Safari: CTRL + shortcut<\/li>\n<\/ul>\n<p><\/p>\n<h3>accessibility level<\/h3>\n<p><\/p>\n<p>This website has been designed taking into account the criteria of the WCAG 2.0 Accessibility Guide. We are currently working to meet the WCAG 2.2 accessibility criteria, with an AA level.\u00a0<\/p>\n<p><\/p>\n<p>It is designed for correct viewing on desktop, tablet and mobile devices (Responsive).\u00a0<\/p>\n<p><\/p>\n<p>Date of the last check of the WCAG level of the web: June 2023, through the tool provided by Tawdis.net<\/p>\n<p><\/p>\n<h3>Documents not accessible<\/h3>\n<p><\/p>\n<p>Some documents, such as PDF files, or .DOC documents, may not be accessible. If you have problems downloading or reading documents published on our website, you can request a copy in the format you want, whenever possible, by sending your request to the email: info@nomadascanarias.com<\/p>\n<p><\/p>\n<h3>text size<\/h3>\n<p><\/p>\n<p>Fonts with relative sizes have been used so that if the user prefers a larger font they can select it through the text size options of their browser, generally Ctrl+ (control plus) to enlarge, Ctrl- (control minus) to reduce.<\/p>\n<p><\/p>\n<h3>Page structure<\/h3>\n<p><\/p>\n<p>This portal is designed with a common format for all pages so that familiarization with their content is easy to achieve better navigation for all users.<\/p>\n<p><\/p>\n<p>The pages are made up, broadly speaking, of the following areas:<\/p>\n<p><\/p>\n<ul>\n<li>Header, with access to the home page, contact form, access to the co-official and English versions and advanced search engine.<\/li>\n<li>Main navigation menu, with the main options of the web.<\/li>\n<li>Central area of \u200b\u200bcontents that will vary depending on whether the page is the main page of the site, a subhome, a document or an advanced search engine.<\/li>\n<li>Footer, which includes the legal information of the company N\u00f3madas Canarias.<\/li>\n<\/ul>\n<p><\/p>\n<h3>External sites<\/h3>\n<p><\/p>\n<p>Some of the links may take you to sites external to this website, such as Google Maps, Facebook, etc., which ARE NOT ACCESSIBLE or MAY NOT BE ACCESSIBLE but are important to some users. In these cases, N\u00f3madas Canarias is unaware of their accessibility levels and warns users with some type of disability that they could encounter problems when following these links.<\/p>\n<p><\/p>\n<h3>help us to improve<\/h3>\n<p><\/p>\n<p>We are aware that there is room for improvement, so we work every day to achieve this goal. If you find any difficulty accessing or want to ask us a question, you can do it by email:<span> info@nomadascanarias.com<\/span><\/p>\n<p>[\/et_pb_text][\/et_pb_column][\/et_pb_row][\/et_pb_section]<\/p>\n","protected":false},"excerpt":{"rendered":"<p>AccessibilityWhat is web accessibility?It is the ability to access content regardless of the person or context.Keyboard shortcuts&nbsp;The use of access keys is conditioned by the browser: Internet Explorer: ALT + shortcut. ENTER Firefox: ALT + Shift + shortcut Google Chrome: ALT + shortcut Opera: Shift + ESC + shortcut Safari: CTRL + shortcut accessibility levelThis [&hellip;]<\/p>\n","protected":false},"author":1,"featured_media":0,"parent":0,"menu_order":0,"comment_status":"closed","ping_status":"closed","template":"","meta":{"_acf_changed":false,"_et_pb_use_builder":"on","_et_pb_old_content":"","_et_gb_content_width":"","footnotes":""},"class_list":["post-1056","page","type-page","status-publish","hentry"],"acf":[],"yoast_head":"<!-- This site is optimized with the Yoast SEO plugin v27.4 - https:\/\/yoast.com\/product\/yoast-seo-wordpress\/ -->\n<title>Accessibility - N\u00f3madas Canarias<\/title>\n<meta name=\"description\" content=\"Esta web ha sido dise\u00f1ada teniendo en cuenta los criterios de la Gu\u00eda de Accesibilidad WCAG 2.0.\" \/>\n<meta name=\"robots\" content=\"index, follow, max-snippet:-1, max-image-preview:large, max-video-preview:-1\" \/>\n<link rel=\"canonical\" href=\"https:\/\/nomadascanarias.com\/en\/accessibility\/\" \/>\n<meta property=\"og:locale\" content=\"en_US\" \/>\n<meta property=\"og:type\" content=\"article\" \/>\n<meta property=\"og:title\" content=\"Accessibility - N\u00f3madas Canarias\" \/>\n<meta property=\"og:description\" content=\"Esta web ha sido dise\u00f1ada teniendo en cuenta los criterios de la Gu\u00eda de Accesibilidad WCAG 2.0.\" \/>\n<meta property=\"og:url\" content=\"https:\/\/nomadascanarias.com\/en\/accessibility\/\" \/>\n<meta property=\"og:site_name\" content=\"N\u00f3madas Canarias\" \/>\n<meta property=\"article:publisher\" content=\"https:\/\/www.facebook.com\/profile.php?id=100093654532011\" \/>\n<meta property=\"article:modified_time\" content=\"2025-04-21T11:18:13+00:00\" \/>\n<meta property=\"og:image\" content=\"https:\/\/nomadascanarias.com\/wp-content\/uploads\/2023\/05\/logo_nomadas.png\" \/>\n\t<meta property=\"og:image:width\" content=\"500\" \/>\n\t<meta property=\"og:image:height\" content=\"228\" \/>\n\t<meta property=\"og:image:type\" content=\"image\/png\" \/>\n<script type=\"application\/ld+json\" class=\"yoast-schema-graph\">{\"@context\":\"https:\\\/\\\/schema.org\",\"@graph\":[{\"@type\":\"WebPage\",\"@id\":\"https:\\\/\\\/nomadascanarias.com\\\/en\\\/accessibility\\\/\",\"url\":\"https:\\\/\\\/nomadascanarias.com\\\/en\\\/accessibility\\\/\",\"name\":\"Accessibility - N\u00f3madas Canarias\",\"isPartOf\":{\"@id\":\"https:\\\/\\\/nomadascanarias.com\\\/en\\\/#website\"},\"datePublished\":\"2023-07-14T11:30:39+00:00\",\"dateModified\":\"2025-04-21T11:18:13+00:00\",\"description\":\"Esta web ha sido dise\u00f1ada teniendo en cuenta los criterios de la Gu\u00eda de Accesibilidad WCAG 2.0.\",\"breadcrumb\":{\"@id\":\"https:\\\/\\\/nomadascanarias.com\\\/en\\\/accessibility\\\/#breadcrumb\"},\"inLanguage\":\"en-US\",\"potentialAction\":[{\"@type\":\"ReadAction\",\"target\":[\"https:\\\/\\\/nomadascanarias.com\\\/en\\\/accessibility\\\/\"]}]},{\"@type\":\"BreadcrumbList\",\"@id\":\"https:\\\/\\\/nomadascanarias.com\\\/en\\\/accessibility\\\/#breadcrumb\",\"itemListElement\":[{\"@type\":\"ListItem\",\"position\":1,\"name\":\"Portada\",\"item\":\"https:\\\/\\\/nomadascanarias.com\\\/en\\\/\"},{\"@type\":\"ListItem\",\"position\":2,\"name\":\"Accessibility\"}]},{\"@type\":\"WebSite\",\"@id\":\"https:\\\/\\\/nomadascanarias.com\\\/en\\\/#website\",\"url\":\"https:\\\/\\\/nomadascanarias.com\\\/en\\\/\",\"name\":\"N\u00f3madas Canarias\",\"description\":\"Alquiler de autocaravanas y campers en las Islas Canarias\",\"publisher\":{\"@id\":\"https:\\\/\\\/nomadascanarias.com\\\/en\\\/#organization\"},\"potentialAction\":[{\"@type\":\"SearchAction\",\"target\":{\"@type\":\"EntryPoint\",\"urlTemplate\":\"https:\\\/\\\/nomadascanarias.com\\\/en\\\/?s={search_term_string}\"},\"query-input\":{\"@type\":\"PropertyValueSpecification\",\"valueRequired\":true,\"valueName\":\"search_term_string\"}}],\"inLanguage\":\"en-US\"},{\"@type\":\"Organization\",\"@id\":\"https:\\\/\\\/nomadascanarias.com\\\/en\\\/#organization\",\"name\":\"N\u00f3madas Canarias\",\"url\":\"https:\\\/\\\/nomadascanarias.com\\\/en\\\/\",\"logo\":{\"@type\":\"ImageObject\",\"inLanguage\":\"en-US\",\"@id\":\"https:\\\/\\\/nomadascanarias.com\\\/en\\\/#\\\/schema\\\/logo\\\/image\\\/\",\"url\":\"https:\\\/\\\/nomadascanarias.com\\\/wp-content\\\/uploads\\\/2023\\\/05\\\/logo_nomadas.png\",\"contentUrl\":\"https:\\\/\\\/nomadascanarias.com\\\/wp-content\\\/uploads\\\/2023\\\/05\\\/logo_nomadas.png\",\"width\":500,\"height\":228,\"caption\":\"N\u00f3madas Canarias\"},\"image\":{\"@id\":\"https:\\\/\\\/nomadascanarias.com\\\/en\\\/#\\\/schema\\\/logo\\\/image\\\/\"},\"sameAs\":[\"https:\\\/\\\/www.facebook.com\\\/profile.php?id=100093654532011\",\"https:\\\/\\\/www.instagram.com\\\/nomadascanarias\"]}]}<\/script>\n<!-- \/ Yoast SEO plugin. -->","yoast_head_json":{"title":"Accessibility - N\u00f3madas Canarias","description":"Esta web ha sido dise\u00f1ada teniendo en cuenta los criterios de la Gu\u00eda de Accesibilidad WCAG 2.0.","robots":{"index":"index","follow":"follow","max-snippet":"max-snippet:-1","max-image-preview":"max-image-preview:large","max-video-preview":"max-video-preview:-1"},"canonical":"https:\/\/nomadascanarias.com\/en\/accessibility\/","og_locale":"en_US","og_type":"article","og_title":"Accessibility - N\u00f3madas Canarias","og_description":"Esta web ha sido dise\u00f1ada teniendo en cuenta los criterios de la Gu\u00eda de Accesibilidad WCAG 2.0.","og_url":"https:\/\/nomadascanarias.com\/en\/accessibility\/","og_site_name":"N\u00f3madas Canarias","article_publisher":"https:\/\/www.facebook.com\/profile.php?id=100093654532011","article_modified_time":"2025-04-21T11:18:13+00:00","og_image":[{"width":500,"height":228,"url":"https:\/\/nomadascanarias.com\/wp-content\/uploads\/2023\/05\/logo_nomadas.png","type":"image\/png"}],"schema":{"@context":"https:\/\/schema.org","@graph":[{"@type":"WebPage","@id":"https:\/\/nomadascanarias.com\/en\/accessibility\/","url":"https:\/\/nomadascanarias.com\/en\/accessibility\/","name":"Accessibility - N\u00f3madas Canarias","isPartOf":{"@id":"https:\/\/nomadascanarias.com\/en\/#website"},"datePublished":"2023-07-14T11:30:39+00:00","dateModified":"2025-04-21T11:18:13+00:00","description":"Esta web ha sido dise\u00f1ada teniendo en cuenta los criterios de la Gu\u00eda de Accesibilidad WCAG 2.0.","breadcrumb":{"@id":"https:\/\/nomadascanarias.com\/en\/accessibility\/#breadcrumb"},"inLanguage":"en-US","potentialAction":[{"@type":"ReadAction","target":["https:\/\/nomadascanarias.com\/en\/accessibility\/"]}]},{"@type":"BreadcrumbList","@id":"https:\/\/nomadascanarias.com\/en\/accessibility\/#breadcrumb","itemListElement":[{"@type":"ListItem","position":1,"name":"Portada","item":"https:\/\/nomadascanarias.com\/en\/"},{"@type":"ListItem","position":2,"name":"Accessibility"}]},{"@type":"WebSite","@id":"https:\/\/nomadascanarias.com\/en\/#website","url":"https:\/\/nomadascanarias.com\/en\/","name":"N\u00f3madas Canarias","description":"Alquiler de autocaravanas y campers en las Islas Canarias","publisher":{"@id":"https:\/\/nomadascanarias.com\/en\/#organization"},"potentialAction":[{"@type":"SearchAction","target":{"@type":"EntryPoint","urlTemplate":"https:\/\/nomadascanarias.com\/en\/?s={search_term_string}"},"query-input":{"@type":"PropertyValueSpecification","valueRequired":true,"valueName":"search_term_string"}}],"inLanguage":"en-US"},{"@type":"Organization","@id":"https:\/\/nomadascanarias.com\/en\/#organization","name":"N\u00f3madas Canarias","url":"https:\/\/nomadascanarias.com\/en\/","logo":{"@type":"ImageObject","inLanguage":"en-US","@id":"https:\/\/nomadascanarias.com\/en\/#\/schema\/logo\/image\/","url":"https:\/\/nomadascanarias.com\/wp-content\/uploads\/2023\/05\/logo_nomadas.png","contentUrl":"https:\/\/nomadascanarias.com\/wp-content\/uploads\/2023\/05\/logo_nomadas.png","width":500,"height":228,"caption":"N\u00f3madas Canarias"},"image":{"@id":"https:\/\/nomadascanarias.com\/en\/#\/schema\/logo\/image\/"},"sameAs":["https:\/\/www.facebook.com\/profile.php?id=100093654532011","https:\/\/www.instagram.com\/nomadascanarias"]}]}},"_links":{"self":[{"href":"https:\/\/nomadascanarias.com\/en\/wp-json\/wp\/v2\/pages\/1056","targetHints":{"allow":["GET"]}}],"collection":[{"href":"https:\/\/nomadascanarias.com\/en\/wp-json\/wp\/v2\/pages"}],"about":[{"href":"https:\/\/nomadascanarias.com\/en\/wp-json\/wp\/v2\/types\/page"}],"author":[{"embeddable":true,"href":"https:\/\/nomadascanarias.com\/en\/wp-json\/wp\/v2\/users\/1"}],"replies":[{"embeddable":true,"href":"https:\/\/nomadascanarias.com\/en\/wp-json\/wp\/v2\/comments?post=1056"}],"version-history":[{"count":6,"href":"https:\/\/nomadascanarias.com\/en\/wp-json\/wp\/v2\/pages\/1056\/revisions"}],"predecessor-version":[{"id":1517,"href":"https:\/\/nomadascanarias.com\/en\/wp-json\/wp\/v2\/pages\/1056\/revisions\/1517"}],"wp:attachment":[{"href":"https:\/\/nomadascanarias.com\/en\/wp-json\/wp\/v2\/media?parent=1056"}],"curies":[{"name":"wp","href":"https:\/\/api.w.org\/{rel}","templated":true}]}}