{"id":506,"date":"2023-05-31T11:18:37","date_gmt":"2023-05-31T10:18:37","guid":{"rendered":"https:\/\/nomadascanarias.com\/producto\/camper-giottiline-60b\/"},"modified":"2026-03-04T09:51:51","modified_gmt":"2026-03-04T09:51:51","slug":"camper-giottiline-60b","status":"publish","type":"product","link":"https:\/\/nomadascanarias.com\/en\/producto\/camper-giottiline-60b\/","title":{"rendered":"CAMPER GIOTTILINE 60B"},"content":{"rendered":"<p>[et_pb_section fb_built=&#8221;1&#8243; _builder_version=&#8221;4.21.0&#8243; _module_preset=&#8221;default&#8221; global_colors_info=&#8221;{}&#8221;][\/et_pb_section]<\/p>\n","protected":false},"excerpt":{"rendered":"","protected":false},"featured_media":786,"comment_status":"open","ping_status":"closed","template":"","meta":{"_acf_changed":false,"_et_pb_use_builder":"on","_et_pb_old_content":"<strong>DISTRIBUCION: <\/strong>\r\n\r\n2 camas dobles traseras (186 x 133 cm inferior \/ 186 x 123 superior),, armario grande con dos puertas, ba\u00f1o completo con lavabo giratorio y ducha, cocina espaciosa (2 fuegos y fregadero), Frigor\u00edfico de compresor grande 135 L., sal\u00f3n comedor c\u00f3mo hasta para 4 personas y asientos delanteros giratorios. Armarios y zonas de almacenaje. Garaje trasero bajo cama.\r\n\r\n<strong>EQUIPAMIENTO:<\/strong>\r\n<ul>\r\n \t<li style=\"text-align: left\">Aire Acondicionado en cabina.<\/li>\r\n \t<li style=\"text-align: left\">C\u00e1mara de marcha atr\u00e1s.<\/li>\r\n \t<li style=\"text-align: left\">Equipo multimedia con pantalla.<\/li>\r\n \t<li style=\"text-align: left\">TV 16\u201d smartv en sal\u00f3n.<\/li>\r\n \t<li style=\"text-align: left\">Placa Solar.<\/li>\r\n \t<li style=\"text-align: left\">Calefacci\u00f3n.<\/li>\r\n \t<li style=\"text-align: left\">Agua caliente.<\/li>\r\n \t<li style=\"text-align: left\">Cocina completa.<\/li>\r\n \t<li style=\"text-align: left\">Frigor\u00edfico de compresor 138 litros con congelador.<\/li>\r\n \t<li style=\"text-align: left\">Wc qu\u00edmico, Ducha, menaje y enseres de cocina (vajilla, vasos, copas, tazas de caf\u00e9, ollas, sartenes, cafeteras, tabla de cortar, condimentos, etc), cu\u00f1as niveladoras, manguera de agua con conectores, mesa exterior con sillas y\/o banquetas.<\/li>\r\n \t<li style=\"text-align: left\">USB en diferentes zonas.<\/li>\r\n \t<li>Escal\u00f3n el\u00e9ctrico.<\/li>\r\n \t<li style=\"text-align: left\">Remix laterales y frontales.<\/li>\r\n \t<li style=\"text-align: left\">Mosquiteras en ventanas y puerta lateral.<\/li>\r\n<\/ul>\r\n&nbsp;\r\n\r\n&nbsp;","_et_gb_content_width":""},"product_brand":[],"product_cat":[45],"product_tag":[],"class_list":{"0":"post-506","1":"product","2":"type-product","3":"status-publish","4":"has-post-thumbnail","6":"product_cat-camper-en","8":"first","9":"onbackorder","10":"shipping-taxable","11":"product-type-simple"},"acf":[],"yoast_head":"<!-- This site is optimized with the Yoast SEO plugin v27.3 - https:\/\/yoast.com\/product\/yoast-seo-wordpress\/ -->\n<title>CAMPER GIOTTILINE 60B - N\u00f3madas Canarias<\/title>\n<meta name=\"robots\" content=\"index, follow, max-snippet:-1, max-image-preview:large, max-video-preview:-1\" \/>\n<link rel=\"canonical\" href=\"https:\/\/nomadascanarias.com\/en\/producto\/camper-giottiline-60b\/\" \/>\n<meta property=\"og:locale\" content=\"en_US\" \/>\n<meta property=\"og:type\" content=\"article\" \/>\n<meta property=\"og:title\" content=\"CAMPER GIOTTILINE 60B - N\u00f3madas Canarias\" \/>\n<meta property=\"og:url\" content=\"https:\/\/nomadascanarias.com\/en\/producto\/camper-giottiline-60b\/\" \/>\n<meta property=\"og:site_name\" content=\"N\u00f3madas Canarias\" \/>\n<meta property=\"article:publisher\" content=\"https:\/\/www.facebook.com\/profile.php?id=100093654532011\" \/>\n<meta property=\"article:modified_time\" content=\"2026-03-04T09:51:51+00:00\" \/>\n<meta property=\"og:image\" content=\"https:\/\/nomadascanarias.com\/wp-content\/uploads\/2023\/05\/giotillinecamper3.jpg\" \/>\n\t<meta property=\"og:image:width\" content=\"600\" \/>\n\t<meta property=\"og:image:height\" content=\"450\" \/>\n\t<meta property=\"og:image:type\" content=\"image\/jpeg\" \/>\n<script type=\"application\/ld+json\" class=\"yoast-schema-graph\">{\"@context\":\"https:\\\/\\\/schema.org\",\"@graph\":[{\"@type\":\"WebPage\",\"@id\":\"https:\\\/\\\/nomadascanarias.com\\\/en\\\/producto\\\/camper-giottiline-60b\\\/\",\"url\":\"https:\\\/\\\/nomadascanarias.com\\\/en\\\/producto\\\/camper-giottiline-60b\\\/\",\"name\":\"CAMPER GIOTTILINE 60B - N\u00f3madas Canarias\",\"isPartOf\":{\"@id\":\"https:\\\/\\\/nomadascanarias.com\\\/en\\\/#website\"},\"primaryImageOfPage\":{\"@id\":\"https:\\\/\\\/nomadascanarias.com\\\/en\\\/producto\\\/camper-giottiline-60b\\\/#primaryimage\"},\"image\":{\"@id\":\"https:\\\/\\\/nomadascanarias.com\\\/en\\\/producto\\\/camper-giottiline-60b\\\/#primaryimage\"},\"thumbnailUrl\":\"https:\\\/\\\/nomadascanarias.com\\\/wp-content\\\/uploads\\\/2023\\\/05\\\/giotillinecamper3.jpg\",\"datePublished\":\"2023-05-31T10:18:37+00:00\",\"dateModified\":\"2026-03-04T09:51:51+00:00\",\"breadcrumb\":{\"@id\":\"https:\\\/\\\/nomadascanarias.com\\\/en\\\/producto\\\/camper-giottiline-60b\\\/#breadcrumb\"},\"inLanguage\":\"en-US\",\"potentialAction\":[{\"@type\":\"ReadAction\",\"target\":[\"https:\\\/\\\/nomadascanarias.com\\\/en\\\/producto\\\/camper-giottiline-60b\\\/\"]}]},{\"@type\":\"ImageObject\",\"inLanguage\":\"en-US\",\"@id\":\"https:\\\/\\\/nomadascanarias.com\\\/en\\\/producto\\\/camper-giottiline-60b\\\/#primaryimage\",\"url\":\"https:\\\/\\\/nomadascanarias.com\\\/wp-content\\\/uploads\\\/2023\\\/05\\\/giotillinecamper3.jpg\",\"contentUrl\":\"https:\\\/\\\/nomadascanarias.com\\\/wp-content\\\/uploads\\\/2023\\\/05\\\/giotillinecamper3.jpg\",\"width\":600,\"height\":450},{\"@type\":\"BreadcrumbList\",\"@id\":\"https:\\\/\\\/nomadascanarias.com\\\/en\\\/producto\\\/camper-giottiline-60b\\\/#breadcrumb\",\"itemListElement\":[{\"@type\":\"ListItem\",\"position\":1,\"name\":\"Portada\",\"item\":\"https:\\\/\\\/nomadascanarias.com\\\/en\\\/\"},{\"@type\":\"ListItem\",\"position\":2,\"name\":\"Tienda\",\"item\":\"https:\\\/\\\/nomadascanarias.com\\\/?page_id=186\"},{\"@type\":\"ListItem\",\"position\":3,\"name\":\"CAMPER GIOTTILINE 60B\"}]},{\"@type\":\"WebSite\",\"@id\":\"https:\\\/\\\/nomadascanarias.com\\\/en\\\/#website\",\"url\":\"https:\\\/\\\/nomadascanarias.com\\\/en\\\/\",\"name\":\"N\u00f3madas Canarias\",\"description\":\"Alquiler de autocaravanas y campers en las Islas Canarias\",\"publisher\":{\"@id\":\"https:\\\/\\\/nomadascanarias.com\\\/en\\\/#organization\"},\"potentialAction\":[{\"@type\":\"SearchAction\",\"target\":{\"@type\":\"EntryPoint\",\"urlTemplate\":\"https:\\\/\\\/nomadascanarias.com\\\/en\\\/?s={search_term_string}\"},\"query-input\":{\"@type\":\"PropertyValueSpecification\",\"valueRequired\":true,\"valueName\":\"search_term_string\"}}],\"inLanguage\":\"en-US\"},{\"@type\":\"Organization\",\"@id\":\"https:\\\/\\\/nomadascanarias.com\\\/en\\\/#organization\",\"name\":\"N\u00f3madas Canarias\",\"url\":\"https:\\\/\\\/nomadascanarias.com\\\/en\\\/\",\"logo\":{\"@type\":\"ImageObject\",\"inLanguage\":\"en-US\",\"@id\":\"https:\\\/\\\/nomadascanarias.com\\\/en\\\/#\\\/schema\\\/logo\\\/image\\\/\",\"url\":\"https:\\\/\\\/nomadascanarias.com\\\/wp-content\\\/uploads\\\/2023\\\/05\\\/logo_nomadas.png\",\"contentUrl\":\"https:\\\/\\\/nomadascanarias.com\\\/wp-content\\\/uploads\\\/2023\\\/05\\\/logo_nomadas.png\",\"width\":500,\"height\":228,\"caption\":\"N\u00f3madas Canarias\"},\"image\":{\"@id\":\"https:\\\/\\\/nomadascanarias.com\\\/en\\\/#\\\/schema\\\/logo\\\/image\\\/\"},\"sameAs\":[\"https:\\\/\\\/www.facebook.com\\\/profile.php?id=100093654532011\",\"https:\\\/\\\/www.instagram.com\\\/nomadascanarias\"]}]}<\/script>\n<!-- \/ Yoast SEO plugin. -->","yoast_head_json":{"title":"CAMPER GIOTTILINE 60B - N\u00f3madas Canarias","robots":{"index":"index","follow":"follow","max-snippet":"max-snippet:-1","max-image-preview":"max-image-preview:large","max-video-preview":"max-video-preview:-1"},"canonical":"https:\/\/nomadascanarias.com\/en\/producto\/camper-giottiline-60b\/","og_locale":"en_US","og_type":"article","og_title":"CAMPER GIOTTILINE 60B - N\u00f3madas Canarias","og_url":"https:\/\/nomadascanarias.com\/en\/producto\/camper-giottiline-60b\/","og_site_name":"N\u00f3madas Canarias","article_publisher":"https:\/\/www.facebook.com\/profile.php?id=100093654532011","article_modified_time":"2026-03-04T09:51:51+00:00","og_image":[{"width":600,"height":450,"url":"https:\/\/nomadascanarias.com\/wp-content\/uploads\/2023\/05\/giotillinecamper3.jpg","type":"image\/jpeg"}],"schema":{"@context":"https:\/\/schema.org","@graph":[{"@type":"WebPage","@id":"https:\/\/nomadascanarias.com\/en\/producto\/camper-giottiline-60b\/","url":"https:\/\/nomadascanarias.com\/en\/producto\/camper-giottiline-60b\/","name":"CAMPER GIOTTILINE 60B - N\u00f3madas Canarias","isPartOf":{"@id":"https:\/\/nomadascanarias.com\/en\/#website"},"primaryImageOfPage":{"@id":"https:\/\/nomadascanarias.com\/en\/producto\/camper-giottiline-60b\/#primaryimage"},"image":{"@id":"https:\/\/nomadascanarias.com\/en\/producto\/camper-giottiline-60b\/#primaryimage"},"thumbnailUrl":"https:\/\/nomadascanarias.com\/wp-content\/uploads\/2023\/05\/giotillinecamper3.jpg","datePublished":"2023-05-31T10:18:37+00:00","dateModified":"2026-03-04T09:51:51+00:00","breadcrumb":{"@id":"https:\/\/nomadascanarias.com\/en\/producto\/camper-giottiline-60b\/#breadcrumb"},"inLanguage":"en-US","potentialAction":[{"@type":"ReadAction","target":["https:\/\/nomadascanarias.com\/en\/producto\/camper-giottiline-60b\/"]}]},{"@type":"ImageObject","inLanguage":"en-US","@id":"https:\/\/nomadascanarias.com\/en\/producto\/camper-giottiline-60b\/#primaryimage","url":"https:\/\/nomadascanarias.com\/wp-content\/uploads\/2023\/05\/giotillinecamper3.jpg","contentUrl":"https:\/\/nomadascanarias.com\/wp-content\/uploads\/2023\/05\/giotillinecamper3.jpg","width":600,"height":450},{"@type":"BreadcrumbList","@id":"https:\/\/nomadascanarias.com\/en\/producto\/camper-giottiline-60b\/#breadcrumb","itemListElement":[{"@type":"ListItem","position":1,"name":"Portada","item":"https:\/\/nomadascanarias.com\/en\/"},{"@type":"ListItem","position":2,"name":"Tienda","item":"https:\/\/nomadascanarias.com\/?page_id=186"},{"@type":"ListItem","position":3,"name":"CAMPER GIOTTILINE 60B"}]},{"@type":"WebSite","@id":"https:\/\/nomadascanarias.com\/en\/#website","url":"https:\/\/nomadascanarias.com\/en\/","name":"N\u00f3madas Canarias","description":"Alquiler de autocaravanas y campers en las Islas Canarias","publisher":{"@id":"https:\/\/nomadascanarias.com\/en\/#organization"},"potentialAction":[{"@type":"SearchAction","target":{"@type":"EntryPoint","urlTemplate":"https:\/\/nomadascanarias.com\/en\/?s={search_term_string}"},"query-input":{"@type":"PropertyValueSpecification","valueRequired":true,"valueName":"search_term_string"}}],"inLanguage":"en-US"},{"@type":"Organization","@id":"https:\/\/nomadascanarias.com\/en\/#organization","name":"N\u00f3madas Canarias","url":"https:\/\/nomadascanarias.com\/en\/","logo":{"@type":"ImageObject","inLanguage":"en-US","@id":"https:\/\/nomadascanarias.com\/en\/#\/schema\/logo\/image\/","url":"https:\/\/nomadascanarias.com\/wp-content\/uploads\/2023\/05\/logo_nomadas.png","contentUrl":"https:\/\/nomadascanarias.com\/wp-content\/uploads\/2023\/05\/logo_nomadas.png","width":500,"height":228,"caption":"N\u00f3madas Canarias"},"image":{"@id":"https:\/\/nomadascanarias.com\/en\/#\/schema\/logo\/image\/"},"sameAs":["https:\/\/www.facebook.com\/profile.php?id=100093654532011","https:\/\/www.instagram.com\/nomadascanarias"]}]}},"_links":{"self":[{"href":"https:\/\/nomadascanarias.com\/en\/wp-json\/wp\/v2\/product\/506","targetHints":{"allow":["GET"]}}],"collection":[{"href":"https:\/\/nomadascanarias.com\/en\/wp-json\/wp\/v2\/product"}],"about":[{"href":"https:\/\/nomadascanarias.com\/en\/wp-json\/wp\/v2\/types\/product"}],"replies":[{"embeddable":true,"href":"https:\/\/nomadascanarias.com\/en\/wp-json\/wp\/v2\/comments?post=506"}],"wp:featuredmedia":[{"embeddable":true,"href":"https:\/\/nomadascanarias.com\/en\/wp-json\/wp\/v2\/media\/786"}],"wp:attachment":[{"href":"https:\/\/nomadascanarias.com\/en\/wp-json\/wp\/v2\/media?parent=506"}],"wp:term":[{"taxonomy":"product_brand","embeddable":true,"href":"https:\/\/nomadascanarias.com\/en\/wp-json\/wp\/v2\/product_brand?post=506"},{"taxonomy":"product_cat","embeddable":true,"href":"https:\/\/nomadascanarias.com\/en\/wp-json\/wp\/v2\/product_cat?post=506"},{"taxonomy":"product_tag","embeddable":true,"href":"https:\/\/nomadascanarias.com\/en\/wp-json\/wp\/v2\/product_tag?post=506"}],"curies":[{"name":"wp","href":"https:\/\/api.w.org\/{rel}","templated":true}]}}